{"id":4150,"date":"2017-10-04T12:14:51","date_gmt":"2017-10-04T12:14:51","guid":{"rendered":"https:\/\/www.czaki.plfs.pl\/?page_id=4150"},"modified":"2018-09-14T14:19:37","modified_gmt":"2018-09-14T12:19:37","slug":"about-us","status":"publish","type":"page","link":"https:\/\/www.czaki.pl\/en\/about-us\/","title":{"rendered":"About us"},"content":{"rendered":"<p>[row]<br \/>\n[column lg=&#8221;6&#8243; md=&#8221;12&#8243; sm=&#8221;12&#8243; xs=&#8221;12&#8243; ]<br \/>\nCZAKI Thermo-Product istnieje na rynku od 1978 roku, kiedy to zosta\u0142a uruchomiona produkcja przemys\u0142owych czujnik\u00f3w temperatury oraz przeno\u015bnych miernik\u00f3w temperatury. U podstaw sukcesu i rozwoju firmy le\u017ca\u0142y w\u0142asne opracowania konstrukcyjne produkt\u00f3w. Szybki rozw\u00f3j sprawi\u0142, \u017ce firma zacz\u0119\u0142a si\u0119 stopniowo rozrasta\u0107. W efekcie tego w 1988 roku firma przenios\u0142a si\u0119 na nowe miejsce zlokalizowane w Raszynie. Cztery lata p\u00f3\u017aniej przesz\u0142a kolejn\u0105 zmian\u0119 \u2013 zosta\u0142y dobudowane pomieszczenia produkcyjne, socjalne i magazyny. Firma wzbogaci\u0142a si\u0119 o nowoczesne urz\u0105dzenia techniczne i technologiczne (min. do mikrospawania laserowego oraz mikroplazmowego, a tak\u017ce linie do precyzyjnego, automatycznego monta\u017cu elektronicznych podzespo\u0142\u00f3w w technologii monta\u017cu powierzchniowego). Firmowe laboratorium zosta\u0142o wyposa\u017cone w najwy\u017cszej jako\u015bci sprz\u0119t kalibracyjny oraz kontrolno-pomiarowy. W dziale obr\u00f3bki mechanicznej pojawi\u0142y si\u0119 sterowane numerycznie, nowoczesne maszyny do obr\u00f3bki skrawaniem.<br \/>\nOd 2000 roku firma posiada certyfikat Systemu Jako\u015bci ISO 9001.<br \/>\n[\/column]<br \/>\n[column lg=&#8221;6&#8243; md=&#8221;12&#8243; sm=&#8221;12&#8243; xs=&#8221;12&#8243; ]<br \/>\nKolejny etap rozwoju to 2007 rok, kiedy to firma zainwestowa\u0142a w nowe maszyny oraz urz\u0105dzenia (jednym z nich by\u0142a wiertarka s\u0142u\u017c\u0105ca do g\u0142\u0119bokiego wiercenia na potrzeby produkcji os\u0142on wierconych do czujnik\u00f3w temperatury, kt\u00f3re s\u0105 wykorzystywane w przemy\u015ble chemicznym i petrochemicznym), sprz\u0119t kontrolno-pomiarowy, automaty do precyzyjnego monta\u017cu elektroniki, a tak\u017ce stworzy\u0142a nowoczesne centrum frezerskie. Firma CZAKI Thermo-Product zajmuje si\u0119 produkcj\u0105 przemys\u0142owych i laboratoryjnych czujnik\u00f3w temperatury, przetwornik\u00f3w temperatury, przeno\u015bnych i tablicowych miernik\u00f3w temperatury, monitor\u00f3w standardowych sygna\u0142\u00f3w napi\u0119ciowych i pr\u0105dowych, programowalnych przetwornik\u00f3w punktu rosy w gazach, rejestrator\u00f3w temperatury i wilgotno\u015bci oraz precyzyjnych miernik\u00f3w wilgotno\u015bci z ch\u0142odz\u0105cym lustrem, czujnik\u00f3w temperatury z certyfikatem ATEX (do stref zagro\u017conych wybuchem). Firma wykonuje r\u00f3wnie\u017c czujniki temperatury oraz urz\u0105dzenia pomiarowe pod indywidualne wymagania klient\u00f3w z bran\u017cy przemys\u0142u maszynowego, lotniczego, farmaceutycznego, chemicznego, spo\u017cywczego oraz dla kolejnictwa. CZAKI Thermo-Product bierze aktywny udzia\u0142 w targach przemys\u0142owych HANNOVER MESSE oraz AUTOMATICON w Warszawie.<br \/>\n[\/column]<br \/>\n[\/row]<\/p>\n<p>&nbsp;<\/p>\n","protected":false},"excerpt":{"rendered":"<p>[row] [column lg=&#8221;6&#8243; md=&#8221;12&#8243; sm=&#8221;12&#8243; xs=&#8221;12&#8243; ] CZAKI Thermo-Product istnieje na rynku od 1978 roku, kiedy to zosta\u0142a uruchomiona produkcja&#8230;<\/p>\n","protected":false},"author":1,"featured_media":0,"parent":0,"menu_order":0,"comment_status":"open","ping_status":"closed","template":"page-about.php","meta":{"_acf_changed":false,"footnotes":""},"class_list":["post-4150","page","type-page","status-publish","hentry"],"acf":[],"yoast_head":"<!-- This site is optimized with the Yoast SEO plugin v27.5 - https:\/\/yoast.com\/product\/yoast-seo-wordpress\/ -->\n<title>About us - Czaki Thermo Product<\/title>\n<meta name=\"description\" content=\"Manufacturer of sensors, controllers and transmitters for temperature and humidity measurement.\" \/>\n<meta name=\"robots\" content=\"index, follow, max-snippet:-1, max-image-preview:large, max-video-preview:-1\" \/>\n<meta property=\"og:locale\" content=\"en_US\" \/>\n<meta property=\"og:type\" content=\"article\" \/>\n<meta property=\"og:title\" content=\"About us - Czaki Thermo Product\" \/>\n<meta property=\"og:description\" content=\"Manufacturer of sensors, controllers and transmitters for temperature and humidity measurement.\" \/>\n<meta property=\"og:url\" content=\"https:\/\/www.czaki.pl\/en\/about-us\/\" \/>\n<meta property=\"og:site_name\" content=\"Czaki Thermo Product\" \/>\n<meta property=\"article:modified_time\" content=\"2018-09-14T12:19:37+00:00\" \/>\n<meta name=\"twitter:card\" content=\"summary_large_image\" \/>\n<meta name=\"twitter:label1\" content=\"Est. reading time\" \/>\n\t<meta name=\"twitter:data1\" content=\"2 minutes\" \/>\n<script type=\"application\/ld+json\" class=\"yoast-schema-graph\">{\"@context\":\"https:\\\/\\\/schema.org\",\"@graph\":[{\"@type\":\"WebPage\",\"@id\":\"https:\\\/\\\/www.czaki.pl\\\/en\\\/about-us\\\/\",\"url\":\"https:\\\/\\\/www.czaki.pl\\\/en\\\/about-us\\\/\",\"name\":\"About us - Czaki Thermo Product\",\"isPartOf\":{\"@id\":\"https:\\\/\\\/www.czaki.pl\\\/#website\"},\"datePublished\":\"2017-10-04T12:14:51+00:00\",\"dateModified\":\"2018-09-14T12:19:37+00:00\",\"description\":\"Manufacturer of sensors, controllers and transmitters for temperature and humidity measurement.\",\"breadcrumb\":{\"@id\":\"https:\\\/\\\/www.czaki.pl\\\/en\\\/about-us\\\/#breadcrumb\"},\"inLanguage\":\"en-US\",\"potentialAction\":[{\"@type\":\"ReadAction\",\"target\":[\"https:\\\/\\\/www.czaki.pl\\\/en\\\/about-us\\\/\"]}]},{\"@type\":\"BreadcrumbList\",\"@id\":\"https:\\\/\\\/www.czaki.pl\\\/en\\\/about-us\\\/#breadcrumb\",\"itemListElement\":[{\"@type\":\"ListItem\",\"position\":1,\"name\":\"Home\",\"item\":\"https:\\\/\\\/www.czaki.pl\\\/en\\\/\"},{\"@type\":\"ListItem\",\"position\":2,\"name\":\"About us\"}]},{\"@type\":\"WebSite\",\"@id\":\"https:\\\/\\\/www.czaki.pl\\\/#website\",\"url\":\"https:\\\/\\\/www.czaki.pl\\\/\",\"name\":\"Czaki Thermo Product\",\"description\":\"\",\"potentialAction\":[{\"@type\":\"SearchAction\",\"target\":{\"@type\":\"EntryPoint\",\"urlTemplate\":\"https:\\\/\\\/www.czaki.pl\\\/?s={search_term_string}\"},\"query-input\":{\"@type\":\"PropertyValueSpecification\",\"valueRequired\":true,\"valueName\":\"search_term_string\"}}],\"inLanguage\":\"en-US\"}]}<\/script>\n<!-- \/ Yoast SEO plugin. -->","yoast_head_json":{"title":"About us - Czaki Thermo Product","description":"Manufacturer of sensors, controllers and transmitters for temperature and humidity measurement.","robots":{"index":"index","follow":"follow","max-snippet":"max-snippet:-1","max-image-preview":"max-image-preview:large","max-video-preview":"max-video-preview:-1"},"og_locale":"en_US","og_type":"article","og_title":"About us - Czaki Thermo Product","og_description":"Manufacturer of sensors, controllers and transmitters for temperature and humidity measurement.","og_url":"https:\/\/www.czaki.pl\/en\/about-us\/","og_site_name":"Czaki Thermo Product","article_modified_time":"2018-09-14T12:19:37+00:00","twitter_card":"summary_large_image","twitter_misc":{"Est. reading time":"2 minutes"},"schema":{"@context":"https:\/\/schema.org","@graph":[{"@type":"WebPage","@id":"https:\/\/www.czaki.pl\/en\/about-us\/","url":"https:\/\/www.czaki.pl\/en\/about-us\/","name":"About us - Czaki Thermo Product","isPartOf":{"@id":"https:\/\/www.czaki.pl\/#website"},"datePublished":"2017-10-04T12:14:51+00:00","dateModified":"2018-09-14T12:19:37+00:00","description":"Manufacturer of sensors, controllers and transmitters for temperature and humidity measurement.","breadcrumb":{"@id":"https:\/\/www.czaki.pl\/en\/about-us\/#breadcrumb"},"inLanguage":"en-US","potentialAction":[{"@type":"ReadAction","target":["https:\/\/www.czaki.pl\/en\/about-us\/"]}]},{"@type":"BreadcrumbList","@id":"https:\/\/www.czaki.pl\/en\/about-us\/#breadcrumb","itemListElement":[{"@type":"ListItem","position":1,"name":"Home","item":"https:\/\/www.czaki.pl\/en\/"},{"@type":"ListItem","position":2,"name":"About us"}]},{"@type":"WebSite","@id":"https:\/\/www.czaki.pl\/#website","url":"https:\/\/www.czaki.pl\/","name":"Czaki Thermo Product","description":"","potentialAction":[{"@type":"SearchAction","target":{"@type":"EntryPoint","urlTemplate":"https:\/\/www.czaki.pl\/?s={search_term_string}"},"query-input":{"@type":"PropertyValueSpecification","valueRequired":true,"valueName":"search_term_string"}}],"inLanguage":"en-US"}]}},"_links":{"self":[{"href":"https:\/\/www.czaki.pl\/en\/wp-json\/wp\/v2\/pages\/4150","targetHints":{"allow":["GET"]}}],"collection":[{"href":"https:\/\/www.czaki.pl\/en\/wp-json\/wp\/v2\/pages"}],"about":[{"href":"https:\/\/www.czaki.pl\/en\/wp-json\/wp\/v2\/types\/page"}],"author":[{"embeddable":true,"href":"https:\/\/www.czaki.pl\/en\/wp-json\/wp\/v2\/users\/1"}],"replies":[{"embeddable":true,"href":"https:\/\/www.czaki.pl\/en\/wp-json\/wp\/v2\/comments?post=4150"}],"version-history":[{"count":0,"href":"https:\/\/www.czaki.pl\/en\/wp-json\/wp\/v2\/pages\/4150\/revisions"}],"wp:attachment":[{"href":"https:\/\/www.czaki.pl\/en\/wp-json\/wp\/v2\/media?parent=4150"}],"curies":[{"name":"wp","href":"https:\/\/api.w.org\/{rel}","templated":true}]}}