{"id":8297,"date":"2018-02-09T09:35:09","date_gmt":"2018-02-09T08:35:09","guid":{"rendered":"https:\/\/www.czaki.pl\/produkt\/sensor-heads\/"},"modified":"2023-11-23T08:20:39","modified_gmt":"2023-11-23T07:20:39","slug":"sensor-heads","status":"publish","type":"product","link":"https:\/\/www.czaki.pl\/en\/produkt\/sensor-heads\/","title":{"rendered":"sensor heads"},"content":{"rendered":"<p>&nbsp;<\/p>\n<table class=\"parametry\">\n<thead>\n<tr>\n<th style=\"text-align: left;\">Type<\/th>\n<th style=\"text-align: left;\">Material<\/th>\n<th style=\"text-align: left;\">Connection D<\/th>\n<th style=\"text-align: left;\">Gland G<\/th>\n<th style=\"text-align: left;\">IP class<\/th>\n<th style=\"text-align: left;\">Designation<\/th>\n<\/tr>\n<\/thead>\n<tbody>\n<tr>\n<td>AA<\/td>\n<td>aluminum RAL9006<\/td>\n<td>\u00d832,5<\/td>\n<td>P16<\/td>\n<td>IP 54<\/td>\n<td>AA-32<\/td>\n<\/tr>\n<tr>\n<td>BA<\/td>\n<td>aluminum RAL9006<\/td>\n<td>M24x1,5<\/td>\n<td>P16<\/td>\n<td>IP 54<\/td>\n<td>BA-M24<\/td>\n<\/tr>\n<tr>\n<td>BEG<\/td>\n<td>stainless steel SS316<\/td>\n<td>M24x1,5<\/td>\n<td>M20x1,5<\/td>\n<td>IP 65<\/td>\n<td>BEG<\/td>\n<\/tr>\n<tr>\n<td>BEGe<\/td>\n<td>stainless steel SS316<\/td>\n<td>M24x1,5<\/td>\n<td>M20x1,5<\/td>\n<td>IP 54<\/td>\n<td>BEGe<\/td>\n<\/tr>\n<tr>\n<td>Typ DAA<\/td>\n<td>aluminum RAL9006<\/td>\n<td>\u00d832,5<\/td>\n<td>P16<\/td>\n<td>IP 54<\/td>\n<td>DAA-32<\/td>\n<\/tr>\n<tr>\n<td>DANA<\/td>\n<td>aluminum RAL9006<\/td>\n<td>M24x1,5<\/td>\n<td>M20x1.5<\/td>\n<td>IP 54<\/td>\n<td>DANA-M24<\/td>\n<\/tr>\n<tr>\n<td>DANAW<\/td>\n<td>aluminum RAL9006<\/td>\n<td>M24x1,5<\/td>\n<td>M20x1,5<\/td>\n<td>IP 54<\/td>\n<td>DANAW-M24<\/td>\n<\/tr>\n<tr>\n<td>DNAG<\/td>\n<td>aluminum RAL9006<\/td>\n<td>G1\/2\u201d<\/td>\n<td>M20x1,5<\/td>\n<td>IP 65<\/td>\n<td>DNAG-G<\/td>\n<\/tr>\n<tr>\n<td>MAA<\/td>\n<td>aluminum RAL9006<\/td>\n<td>M10x1<\/td>\n<td>P9<\/td>\n<td>IP 54<\/td>\n<td>MAA-M10<\/td>\n<\/tr>\n<tr>\n<td>MAA<\/td>\n<td>aluminum RAL9006<\/td>\n<td>M12x1<\/td>\n<td>P9<\/td>\n<td>IP 54<\/td>\n<td>MAA-M12<\/td>\n<\/tr>\n<tr>\n<td>NS<\/td>\n<td>polyphenylene oxide black<\/td>\n<td>M20x1,5<\/td>\n<td>P16<\/td>\n<td>IP 54<\/td>\n<td>NS-M20<\/td>\n<\/tr>\n<tr>\n<td>NS<\/td>\n<td>polyphenylene oxide black<\/td>\n<td>M24x1,5<\/td>\n<td>P16<\/td>\n<td>IP 54<\/td>\n<td>NS-M24<\/td>\n<\/tr>\n<tr>\n<td>TL<\/td>\n<td>aluminum RAL9006<\/td>\n<td>G1\/2\u201d<\/td>\n<td><\/td>\n<td>IP 00<\/td>\n<td>TL<\/td>\n<\/tr>\n<tr>\n<td>TS<\/td>\n<td>aluminum RAL9006<\/td>\n<td>G1\/4\u201d<\/td>\n<td><\/td>\n<td>IP 00<\/td>\n<td>TS<\/td>\n<\/tr>\n<\/tbody>\n<\/table>\n","protected":false},"excerpt":{"rendered":"<p>Heads for temperature sensors<\/p>\n","protected":false},"featured_media":5525,"template":"","meta":{"_acf_changed":false},"product_brand":[],"product_cat":[159,158],"class_list":{"0":"post-8297","1":"product","2":"type-product","3":"status-publish","4":"has-post-thumbnail","6":"product_cat-accessories-for-temperature-sensors","7":"product_cat-temperature-sensors","9":"first","10":"onbackorder","11":"taxable","12":"shipping-taxable","13":"product-type-variable"},"acf":[],"yoast_head":"<!-- This site is optimized with the Yoast SEO plugin v27.3 - https:\/\/yoast.com\/product\/yoast-seo-wordpress\/ -->\n<title>sensor heads - Czaki Thermo Product<\/title>\n<meta name=\"description\" content=\"Przedstawiamy Pa\u0144stwu wysokiej jako\u015bci g\u0142owice czujnikowe. Posiadamy produkty z aluminium i stali kwasoodpornej. Na pewno znajd\u0105 Pa\u0144stwo co\u015b dla siebie. Zobacz!\" \/>\n<meta name=\"robots\" content=\"index, follow, max-snippet:-1, max-image-preview:large, max-video-preview:-1\" \/>\n<meta property=\"og:locale\" content=\"en_US\" \/>\n<meta property=\"og:type\" content=\"article\" \/>\n<meta property=\"og:title\" content=\"sensor heads - Czaki Thermo Product\" \/>\n<meta property=\"og:description\" content=\"Przedstawiamy Pa\u0144stwu wysokiej jako\u015bci g\u0142owice czujnikowe. Posiadamy produkty z aluminium i stali kwasoodpornej. Na pewno znajd\u0105 Pa\u0144stwo co\u015b dla siebie. Zobacz!\" \/>\n<meta property=\"og:url\" content=\"https:\/\/www.czaki.pl\/en\/produkt\/sensor-heads\/\" \/>\n<meta property=\"og:site_name\" content=\"Czaki Thermo Product\" \/>\n<meta property=\"article:modified_time\" content=\"2023-11-23T07:20:39+00:00\" \/>\n<meta property=\"og:image\" content=\"https:\/\/www.czaki.pl\/content-dir\/uploads\/glowice.png\" \/>\n\t<meta property=\"og:image:width\" content=\"600\" \/>\n\t<meta property=\"og:image:height\" content=\"600\" \/>\n\t<meta property=\"og:image:type\" content=\"image\/png\" \/>\n<meta name=\"twitter:card\" content=\"summary_large_image\" \/>\n<meta name=\"twitter:label1\" content=\"Est. reading time\" \/>\n\t<meta name=\"twitter:data1\" content=\"1 minute\" \/>\n<script type=\"application\/ld+json\" class=\"yoast-schema-graph\">{\"@context\":\"https:\\\/\\\/schema.org\",\"@graph\":[{\"@type\":\"WebPage\",\"@id\":\"https:\\\/\\\/www.czaki.pl\\\/en\\\/produkt\\\/sensor-heads\\\/\",\"url\":\"https:\\\/\\\/www.czaki.pl\\\/en\\\/produkt\\\/sensor-heads\\\/\",\"name\":\"sensor heads - Czaki Thermo Product\",\"isPartOf\":{\"@id\":\"https:\\\/\\\/www.czaki.pl\\\/#website\"},\"primaryImageOfPage\":{\"@id\":\"https:\\\/\\\/www.czaki.pl\\\/en\\\/produkt\\\/sensor-heads\\\/#primaryimage\"},\"image\":{\"@id\":\"https:\\\/\\\/www.czaki.pl\\\/en\\\/produkt\\\/sensor-heads\\\/#primaryimage\"},\"thumbnailUrl\":\"https:\\\/\\\/www.czaki.pl\\\/content-dir\\\/uploads\\\/glowice.png\",\"datePublished\":\"2018-02-09T08:35:09+00:00\",\"dateModified\":\"2023-11-23T07:20:39+00:00\",\"description\":\"Przedstawiamy Pa\u0144stwu wysokiej jako\u015bci g\u0142owice czujnikowe. Posiadamy produkty z aluminium i stali kwasoodpornej. Na pewno znajd\u0105 Pa\u0144stwo co\u015b dla siebie. Zobacz!\",\"breadcrumb\":{\"@id\":\"https:\\\/\\\/www.czaki.pl\\\/en\\\/produkt\\\/sensor-heads\\\/#breadcrumb\"},\"inLanguage\":\"en-US\",\"potentialAction\":[{\"@type\":\"ReadAction\",\"target\":[\"https:\\\/\\\/www.czaki.pl\\\/en\\\/produkt\\\/sensor-heads\\\/\"]}]},{\"@type\":\"ImageObject\",\"inLanguage\":\"en-US\",\"@id\":\"https:\\\/\\\/www.czaki.pl\\\/en\\\/produkt\\\/sensor-heads\\\/#primaryimage\",\"url\":\"https:\\\/\\\/www.czaki.pl\\\/content-dir\\\/uploads\\\/glowice.png\",\"contentUrl\":\"https:\\\/\\\/www.czaki.pl\\\/content-dir\\\/uploads\\\/glowice.png\",\"width\":600,\"height\":600,\"caption\":\"g\u0142owice czujnikowe\"},{\"@type\":\"BreadcrumbList\",\"@id\":\"https:\\\/\\\/www.czaki.pl\\\/en\\\/produkt\\\/sensor-heads\\\/#breadcrumb\",\"itemListElement\":[{\"@type\":\"ListItem\",\"position\":1,\"name\":\"Home\",\"item\":\"https:\\\/\\\/www.czaki.pl\\\/en\\\/\"},{\"@type\":\"ListItem\",\"position\":2,\"name\":\"Sklep\",\"item\":\"https:\\\/\\\/www.czaki.pl\\\/sklep\\\/\"},{\"@type\":\"ListItem\",\"position\":3,\"name\":\"sensor heads\"}]},{\"@type\":\"WebSite\",\"@id\":\"https:\\\/\\\/www.czaki.pl\\\/#website\",\"url\":\"https:\\\/\\\/www.czaki.pl\\\/\",\"name\":\"Czaki Thermo Product\",\"description\":\"\",\"potentialAction\":[{\"@type\":\"SearchAction\",\"target\":{\"@type\":\"EntryPoint\",\"urlTemplate\":\"https:\\\/\\\/www.czaki.pl\\\/?s={search_term_string}\"},\"query-input\":{\"@type\":\"PropertyValueSpecification\",\"valueRequired\":true,\"valueName\":\"search_term_string\"}}],\"inLanguage\":\"en-US\"}]}<\/script>\n<!-- \/ Yoast SEO plugin. -->","yoast_head_json":{"title":"sensor heads - Czaki Thermo Product","description":"Przedstawiamy Pa\u0144stwu wysokiej jako\u015bci g\u0142owice czujnikowe. Posiadamy produkty z aluminium i stali kwasoodpornej. Na pewno znajd\u0105 Pa\u0144stwo co\u015b dla siebie. Zobacz!","robots":{"index":"index","follow":"follow","max-snippet":"max-snippet:-1","max-image-preview":"max-image-preview:large","max-video-preview":"max-video-preview:-1"},"og_locale":"en_US","og_type":"article","og_title":"sensor heads - Czaki Thermo Product","og_description":"Przedstawiamy Pa\u0144stwu wysokiej jako\u015bci g\u0142owice czujnikowe. Posiadamy produkty z aluminium i stali kwasoodpornej. Na pewno znajd\u0105 Pa\u0144stwo co\u015b dla siebie. Zobacz!","og_url":"https:\/\/www.czaki.pl\/en\/produkt\/sensor-heads\/","og_site_name":"Czaki Thermo Product","article_modified_time":"2023-11-23T07:20:39+00:00","og_image":[{"width":600,"height":600,"url":"https:\/\/www.czaki.pl\/content-dir\/uploads\/glowice.png","type":"image\/png"}],"twitter_card":"summary_large_image","twitter_misc":{"Est. reading time":"1 minute"},"schema":{"@context":"https:\/\/schema.org","@graph":[{"@type":"WebPage","@id":"https:\/\/www.czaki.pl\/en\/produkt\/sensor-heads\/","url":"https:\/\/www.czaki.pl\/en\/produkt\/sensor-heads\/","name":"sensor heads - Czaki Thermo Product","isPartOf":{"@id":"https:\/\/www.czaki.pl\/#website"},"primaryImageOfPage":{"@id":"https:\/\/www.czaki.pl\/en\/produkt\/sensor-heads\/#primaryimage"},"image":{"@id":"https:\/\/www.czaki.pl\/en\/produkt\/sensor-heads\/#primaryimage"},"thumbnailUrl":"https:\/\/www.czaki.pl\/content-dir\/uploads\/glowice.png","datePublished":"2018-02-09T08:35:09+00:00","dateModified":"2023-11-23T07:20:39+00:00","description":"Przedstawiamy Pa\u0144stwu wysokiej jako\u015bci g\u0142owice czujnikowe. Posiadamy produkty z aluminium i stali kwasoodpornej. Na pewno znajd\u0105 Pa\u0144stwo co\u015b dla siebie. Zobacz!","breadcrumb":{"@id":"https:\/\/www.czaki.pl\/en\/produkt\/sensor-heads\/#breadcrumb"},"inLanguage":"en-US","potentialAction":[{"@type":"ReadAction","target":["https:\/\/www.czaki.pl\/en\/produkt\/sensor-heads\/"]}]},{"@type":"ImageObject","inLanguage":"en-US","@id":"https:\/\/www.czaki.pl\/en\/produkt\/sensor-heads\/#primaryimage","url":"https:\/\/www.czaki.pl\/content-dir\/uploads\/glowice.png","contentUrl":"https:\/\/www.czaki.pl\/content-dir\/uploads\/glowice.png","width":600,"height":600,"caption":"g\u0142owice czujnikowe"},{"@type":"BreadcrumbList","@id":"https:\/\/www.czaki.pl\/en\/produkt\/sensor-heads\/#breadcrumb","itemListElement":[{"@type":"ListItem","position":1,"name":"Home","item":"https:\/\/www.czaki.pl\/en\/"},{"@type":"ListItem","position":2,"name":"Sklep","item":"https:\/\/www.czaki.pl\/sklep\/"},{"@type":"ListItem","position":3,"name":"sensor heads"}]},{"@type":"WebSite","@id":"https:\/\/www.czaki.pl\/#website","url":"https:\/\/www.czaki.pl\/","name":"Czaki Thermo Product","description":"","potentialAction":[{"@type":"SearchAction","target":{"@type":"EntryPoint","urlTemplate":"https:\/\/www.czaki.pl\/?s={search_term_string}"},"query-input":{"@type":"PropertyValueSpecification","valueRequired":true,"valueName":"search_term_string"}}],"inLanguage":"en-US"}]}},"_links":{"self":[{"href":"https:\/\/www.czaki.pl\/en\/wp-json\/wp\/v2\/product\/8297","targetHints":{"allow":["GET"]}}],"collection":[{"href":"https:\/\/www.czaki.pl\/en\/wp-json\/wp\/v2\/product"}],"about":[{"href":"https:\/\/www.czaki.pl\/en\/wp-json\/wp\/v2\/types\/product"}],"wp:featuredmedia":[{"embeddable":true,"href":"https:\/\/www.czaki.pl\/en\/wp-json\/wp\/v2\/media\/5525"}],"wp:attachment":[{"href":"https:\/\/www.czaki.pl\/en\/wp-json\/wp\/v2\/media?parent=8297"}],"wp:term":[{"taxonomy":"product_brand","embeddable":true,"href":"https:\/\/www.czaki.pl\/en\/wp-json\/wp\/v2\/product_brand?post=8297"},{"taxonomy":"product_cat","embeddable":true,"href":"https:\/\/www.czaki.pl\/en\/wp-json\/wp\/v2\/product_cat?post=8297"}],"curies":[{"name":"wp","href":"https:\/\/api.w.org\/{rel}","templated":true}]}}