{"id":8532,"date":"2018-12-14T13:07:57","date_gmt":"2018-12-14T12:07:57","guid":{"rendered":"https:\/\/www.czaki.pl\/produkt\/temperature-and-humidity-sensor-with-transmitter-htt-951\/"},"modified":"2024-01-22T10:57:12","modified_gmt":"2024-01-22T09:57:12","slug":"temperature-and-humidity-sensor-with-transmitter-htt-951","status":"publish","type":"product","link":"https:\/\/www.czaki.pl\/en\/produkt\/temperature-and-humidity-sensor-with-transmitter-htt-951\/","title":{"rendered":"Temperature and humidity sensor with transmitter HTT-951"},"content":{"rendered":"<table>\n<tbody>\n<tr>\n<td>Temperature processing range<\/td>\n<td>-40\u00f780\u00b0C , programmable, (upper-lower \u2265 10\u00b0C)<\/td>\n<\/tr>\n<tr>\n<td>Relative humidity processing range<\/td>\n<td>0\u00f7100%, programmable, (upper-lower \u2265 10%)<\/td>\n<\/tr>\n<tr>\n<td>Dew point temperature processing range<\/td>\n<td>\u201340\u00f780\u00b0Cdp, programowalny, (g\u00f3ra-d\u00f3\u0142 \u2265 10\u00b0Cdp<\/td>\n<\/tr>\n<tr>\n<td colspan=\"2\">Output signals<\/td>\n<\/tr>\n<tr>\n<td style=\"padding-left: 30px;\">HTT-951\/V<\/td>\n<td>0\u00f710V, programmable<\/td>\n<\/tr>\n<tr>\n<td style=\"padding-left: 30px;\">HTT-951\/A<\/td>\n<td>0\u00f720mA or 4\u00f720mA, programmable<\/td>\n<\/tr>\n<tr>\n<td>Temperature processing error<\/td>\n<td>0,5 \u00b0C<\/td>\n<\/tr>\n<tr>\n<td>Relative humidity processing error<\/td>\n<td>2% for RH \u2264 80% i 3% for RH &gt; 80%<\/td>\n<\/tr>\n<tr>\n<td colspan=\"2\">Power supply<\/td>\n<\/tr>\n<tr>\n<td style=\"padding-left: 30px;\">HTT-951\/V<\/td>\n<td>14\u00f736 V DC \/ 35 mA<\/td>\n<\/tr>\n<tr>\n<td style=\"padding-left: 30px;\">HTT-951\/A<\/td>\n<td>12\u00f736 V DC \/ 55 mA<\/td>\n<\/tr>\n<tr>\n<td>Operating temperature<\/td>\n<td>\u201340\u00f780\u00b0C<\/td>\n<\/tr>\n<tr>\n<td>Dimensions<\/td>\n<td>71 x 71 x 27 mm<\/td>\n<\/tr>\n<tr>\n<td>Weight<\/td>\n<td>approx. 50 g<\/td>\n<\/tr>\n<\/tbody>\n<\/table>\n","protected":false},"excerpt":{"rendered":"<p>Transmitters that convert ambient air temperature and relative humidity into a voltage (HTT-951\/V) or current (HTT-951\/A) signal.<\/p>\n<p>For more, please see HTT-951 data sheet.<\/p>\n","protected":false},"featured_media":5915,"template":"","meta":{"_acf_changed":false},"product_brand":[],"product_cat":[168],"class_list":{"0":"post-8532","1":"product","2":"type-product","3":"status-publish","4":"has-post-thumbnail","6":"product_cat-dewpoint-hygrometers-and-transmitters","8":"first","9":"onbackorder","10":"taxable","11":"shipping-taxable","12":"purchasable","13":"product-type-variable","14":"has-default-attributes"},"acf":[],"yoast_head":"<!-- This site is optimized with the Yoast SEO plugin v27.5 - https:\/\/yoast.com\/product\/yoast-seo-wordpress\/ -->\n<title>Temperature and humidity sensor with transmitter HTT-951 - Czaki Thermo Product<\/title>\n<meta name=\"description\" content=\"Sprawd\u017a niezawodny przetwornik temperatury i wilgotno\u015bci powietrza HTT-951! Gwarantujemy satysfakcj\u0119 z zakup\u00f3w! Do\u0142\u0105cz do zadowolonych klient\u00f3w sklepu Czaki.pl ju\u017c dzi\u015b!\" \/>\n<meta name=\"robots\" content=\"index, follow, max-snippet:-1, max-image-preview:large, max-video-preview:-1\" \/>\n<meta property=\"og:locale\" content=\"en_US\" \/>\n<meta property=\"og:type\" content=\"article\" \/>\n<meta property=\"og:title\" content=\"Temperature and humidity sensor with transmitter HTT-951 - Czaki Thermo Product\" \/>\n<meta property=\"og:description\" content=\"Sprawd\u017a niezawodny przetwornik temperatury i wilgotno\u015bci powietrza HTT-951! Gwarantujemy satysfakcj\u0119 z zakup\u00f3w! Do\u0142\u0105cz do zadowolonych klient\u00f3w sklepu Czaki.pl ju\u017c dzi\u015b!\" \/>\n<meta property=\"og:url\" content=\"https:\/\/www.czaki.pl\/en\/produkt\/temperature-and-humidity-sensor-with-transmitter-htt-951\/\" \/>\n<meta property=\"og:site_name\" content=\"Czaki Thermo Product\" \/>\n<meta property=\"article:modified_time\" content=\"2024-01-22T09:57:12+00:00\" \/>\n<meta property=\"og:image\" content=\"https:\/\/www.czaki.pl\/content-dir\/uploads\/HTT-951.jpg\" \/>\n\t<meta property=\"og:image:width\" content=\"800\" \/>\n\t<meta property=\"og:image:height\" content=\"800\" \/>\n\t<meta property=\"og:image:type\" content=\"image\/jpeg\" \/>\n<meta name=\"twitter:card\" content=\"summary_large_image\" \/>\n<meta name=\"twitter:label1\" content=\"Est. reading time\" \/>\n\t<meta name=\"twitter:data1\" content=\"1 minute\" \/>\n<script type=\"application\/ld+json\" class=\"yoast-schema-graph\">{\"@context\":\"https:\\\/\\\/schema.org\",\"@graph\":[{\"@type\":\"WebPage\",\"@id\":\"https:\\\/\\\/www.czaki.pl\\\/en\\\/produkt\\\/temperature-and-humidity-sensor-with-transmitter-htt-951\\\/\",\"url\":\"https:\\\/\\\/www.czaki.pl\\\/en\\\/produkt\\\/temperature-and-humidity-sensor-with-transmitter-htt-951\\\/\",\"name\":\"Temperature and humidity sensor with transmitter HTT-951 - Czaki Thermo Product\",\"isPartOf\":{\"@id\":\"https:\\\/\\\/www.czaki.pl\\\/#website\"},\"primaryImageOfPage\":{\"@id\":\"https:\\\/\\\/www.czaki.pl\\\/en\\\/produkt\\\/temperature-and-humidity-sensor-with-transmitter-htt-951\\\/#primaryimage\"},\"image\":{\"@id\":\"https:\\\/\\\/www.czaki.pl\\\/en\\\/produkt\\\/temperature-and-humidity-sensor-with-transmitter-htt-951\\\/#primaryimage\"},\"thumbnailUrl\":\"https:\\\/\\\/www.czaki.pl\\\/content-dir\\\/uploads\\\/HTT-951.jpg\",\"datePublished\":\"2018-12-14T12:07:57+00:00\",\"dateModified\":\"2024-01-22T09:57:12+00:00\",\"description\":\"Sprawd\u017a niezawodny przetwornik temperatury i wilgotno\u015bci powietrza HTT-951! Gwarantujemy satysfakcj\u0119 z zakup\u00f3w! Do\u0142\u0105cz do zadowolonych klient\u00f3w sklepu Czaki.pl ju\u017c dzi\u015b!\",\"breadcrumb\":{\"@id\":\"https:\\\/\\\/www.czaki.pl\\\/en\\\/produkt\\\/temperature-and-humidity-sensor-with-transmitter-htt-951\\\/#breadcrumb\"},\"inLanguage\":\"en-US\",\"potentialAction\":[{\"@type\":\"ReadAction\",\"target\":[\"https:\\\/\\\/www.czaki.pl\\\/en\\\/produkt\\\/temperature-and-humidity-sensor-with-transmitter-htt-951\\\/\"]}]},{\"@type\":\"ImageObject\",\"inLanguage\":\"en-US\",\"@id\":\"https:\\\/\\\/www.czaki.pl\\\/en\\\/produkt\\\/temperature-and-humidity-sensor-with-transmitter-htt-951\\\/#primaryimage\",\"url\":\"https:\\\/\\\/www.czaki.pl\\\/content-dir\\\/uploads\\\/HTT-951.jpg\",\"contentUrl\":\"https:\\\/\\\/www.czaki.pl\\\/content-dir\\\/uploads\\\/HTT-951.jpg\",\"width\":800,\"height\":800},{\"@type\":\"BreadcrumbList\",\"@id\":\"https:\\\/\\\/www.czaki.pl\\\/en\\\/produkt\\\/temperature-and-humidity-sensor-with-transmitter-htt-951\\\/#breadcrumb\",\"itemListElement\":[{\"@type\":\"ListItem\",\"position\":1,\"name\":\"Home\",\"item\":\"https:\\\/\\\/www.czaki.pl\\\/en\\\/\"},{\"@type\":\"ListItem\",\"position\":2,\"name\":\"Sklep\",\"item\":\"https:\\\/\\\/www.czaki.pl\\\/sklep\\\/\"},{\"@type\":\"ListItem\",\"position\":3,\"name\":\"Temperature and humidity sensor with transmitter HTT-951\"}]},{\"@type\":\"WebSite\",\"@id\":\"https:\\\/\\\/www.czaki.pl\\\/#website\",\"url\":\"https:\\\/\\\/www.czaki.pl\\\/\",\"name\":\"Czaki Thermo Product\",\"description\":\"\",\"potentialAction\":[{\"@type\":\"SearchAction\",\"target\":{\"@type\":\"EntryPoint\",\"urlTemplate\":\"https:\\\/\\\/www.czaki.pl\\\/?s={search_term_string}\"},\"query-input\":{\"@type\":\"PropertyValueSpecification\",\"valueRequired\":true,\"valueName\":\"search_term_string\"}}],\"inLanguage\":\"en-US\"}]}<\/script>\n<!-- \/ Yoast SEO plugin. -->","yoast_head_json":{"title":"Temperature and humidity sensor with transmitter HTT-951 - Czaki Thermo Product","description":"Sprawd\u017a niezawodny przetwornik temperatury i wilgotno\u015bci powietrza HTT-951! Gwarantujemy satysfakcj\u0119 z zakup\u00f3w! Do\u0142\u0105cz do zadowolonych klient\u00f3w sklepu Czaki.pl ju\u017c dzi\u015b!","robots":{"index":"index","follow":"follow","max-snippet":"max-snippet:-1","max-image-preview":"max-image-preview:large","max-video-preview":"max-video-preview:-1"},"og_locale":"en_US","og_type":"article","og_title":"Temperature and humidity sensor with transmitter HTT-951 - Czaki Thermo Product","og_description":"Sprawd\u017a niezawodny przetwornik temperatury i wilgotno\u015bci powietrza HTT-951! Gwarantujemy satysfakcj\u0119 z zakup\u00f3w! Do\u0142\u0105cz do zadowolonych klient\u00f3w sklepu Czaki.pl ju\u017c dzi\u015b!","og_url":"https:\/\/www.czaki.pl\/en\/produkt\/temperature-and-humidity-sensor-with-transmitter-htt-951\/","og_site_name":"Czaki Thermo Product","article_modified_time":"2024-01-22T09:57:12+00:00","og_image":[{"width":800,"height":800,"url":"https:\/\/www.czaki.pl\/content-dir\/uploads\/HTT-951.jpg","type":"image\/jpeg"}],"twitter_card":"summary_large_image","twitter_misc":{"Est. reading time":"1 minute"},"schema":{"@context":"https:\/\/schema.org","@graph":[{"@type":"WebPage","@id":"https:\/\/www.czaki.pl\/en\/produkt\/temperature-and-humidity-sensor-with-transmitter-htt-951\/","url":"https:\/\/www.czaki.pl\/en\/produkt\/temperature-and-humidity-sensor-with-transmitter-htt-951\/","name":"Temperature and humidity sensor with transmitter HTT-951 - Czaki Thermo Product","isPartOf":{"@id":"https:\/\/www.czaki.pl\/#website"},"primaryImageOfPage":{"@id":"https:\/\/www.czaki.pl\/en\/produkt\/temperature-and-humidity-sensor-with-transmitter-htt-951\/#primaryimage"},"image":{"@id":"https:\/\/www.czaki.pl\/en\/produkt\/temperature-and-humidity-sensor-with-transmitter-htt-951\/#primaryimage"},"thumbnailUrl":"https:\/\/www.czaki.pl\/content-dir\/uploads\/HTT-951.jpg","datePublished":"2018-12-14T12:07:57+00:00","dateModified":"2024-01-22T09:57:12+00:00","description":"Sprawd\u017a niezawodny przetwornik temperatury i wilgotno\u015bci powietrza HTT-951! Gwarantujemy satysfakcj\u0119 z zakup\u00f3w! Do\u0142\u0105cz do zadowolonych klient\u00f3w sklepu Czaki.pl ju\u017c dzi\u015b!","breadcrumb":{"@id":"https:\/\/www.czaki.pl\/en\/produkt\/temperature-and-humidity-sensor-with-transmitter-htt-951\/#breadcrumb"},"inLanguage":"en-US","potentialAction":[{"@type":"ReadAction","target":["https:\/\/www.czaki.pl\/en\/produkt\/temperature-and-humidity-sensor-with-transmitter-htt-951\/"]}]},{"@type":"ImageObject","inLanguage":"en-US","@id":"https:\/\/www.czaki.pl\/en\/produkt\/temperature-and-humidity-sensor-with-transmitter-htt-951\/#primaryimage","url":"https:\/\/www.czaki.pl\/content-dir\/uploads\/HTT-951.jpg","contentUrl":"https:\/\/www.czaki.pl\/content-dir\/uploads\/HTT-951.jpg","width":800,"height":800},{"@type":"BreadcrumbList","@id":"https:\/\/www.czaki.pl\/en\/produkt\/temperature-and-humidity-sensor-with-transmitter-htt-951\/#breadcrumb","itemListElement":[{"@type":"ListItem","position":1,"name":"Home","item":"https:\/\/www.czaki.pl\/en\/"},{"@type":"ListItem","position":2,"name":"Sklep","item":"https:\/\/www.czaki.pl\/sklep\/"},{"@type":"ListItem","position":3,"name":"Temperature and humidity sensor with transmitter HTT-951"}]},{"@type":"WebSite","@id":"https:\/\/www.czaki.pl\/#website","url":"https:\/\/www.czaki.pl\/","name":"Czaki Thermo Product","description":"","potentialAction":[{"@type":"SearchAction","target":{"@type":"EntryPoint","urlTemplate":"https:\/\/www.czaki.pl\/?s={search_term_string}"},"query-input":{"@type":"PropertyValueSpecification","valueRequired":true,"valueName":"search_term_string"}}],"inLanguage":"en-US"}]}},"_links":{"self":[{"href":"https:\/\/www.czaki.pl\/en\/wp-json\/wp\/v2\/product\/8532","targetHints":{"allow":["GET"]}}],"collection":[{"href":"https:\/\/www.czaki.pl\/en\/wp-json\/wp\/v2\/product"}],"about":[{"href":"https:\/\/www.czaki.pl\/en\/wp-json\/wp\/v2\/types\/product"}],"wp:featuredmedia":[{"embeddable":true,"href":"https:\/\/www.czaki.pl\/en\/wp-json\/wp\/v2\/media\/5915"}],"wp:attachment":[{"href":"https:\/\/www.czaki.pl\/en\/wp-json\/wp\/v2\/media?parent=8532"}],"wp:term":[{"taxonomy":"product_brand","embeddable":true,"href":"https:\/\/www.czaki.pl\/en\/wp-json\/wp\/v2\/product_brand?post=8532"},{"taxonomy":"product_cat","embeddable":true,"href":"https:\/\/www.czaki.pl\/en\/wp-json\/wp\/v2\/product_cat?post=8532"}],"curies":[{"name":"wp","href":"https:\/\/api.w.org\/{rel}","templated":true}]}}